{"id":440,"date":"2025-07-15T13:04:56","date_gmt":"2025-07-15T13:04:56","guid":{"rendered":"https:\/\/bycconsultores.es\/?page_id=440"},"modified":"2025-07-15T13:06:32","modified_gmt":"2025-07-15T13:06:32","slug":"politica-de-privacidad-redes-sociales","status":"publish","type":"page","link":"https:\/\/bycconsultores.es\/en\/politica-de-privacidad-redes-sociales\/","title":{"rendered":"POL\u00cdTICA DE PRIVACIDAD REDES SOCIALES\u00a0"},"content":{"rendered":"<p>[et_pb_section fb_built=\u00bb1&#8243; custom_padding_last_edited=\u00bbon|phone\u00bb _builder_version=\u00bb4.27.4&#8243; _module_preset=\u00bbdefault\u00bb use_background_color_gradient=\u00bbon\u00bb background_color_gradient_stops=\u00bbrgba(2,69,150,0.87) 0%|rgba(2,69,150,0.78) 47%|rgba(0,150,164,0.67) 100%\u00bb background_color_gradient_overlays_image=\u00bbon\u00bb background_image=\u00bbhttps:\/\/bycconsultores.es\/wp-content\/uploads\/2025\/07\/2148347232.jpg\u00bb custom_margin=\u00bb0px||0px||false|false\u00bb custom_padding=\u00bb13vh||13vh||true|false\u00bb custom_padding_tablet=\u00bb150px||150px||true|false\u00bb custom_padding_phone=\u00bb75px||75px||true|false\u00bb animation_style=\u00bbfade\u00bb animation_duration=\u00bb900ms\u00bb animation_speed_curve=\u00bbease\u00bb global_colors_info=\u00bb{}\u00bb theme_builder_area=\u00bbpost_content\u00bb][et_pb_row custom_padding_last_edited=\u00bbon|tablet\u00bb _builder_version=\u00bb4.27.4&#8243; _module_preset=\u00bbdefault\u00bb width=\u00bb100%\u00bb max_width=\u00bb100%\u00bb module_alignment=\u00bbcenter\u00bb custom_margin=\u00bb0px||0px||false|false\u00bb custom_padding=\u00bb0px||0px|10vw|false|false\u00bb custom_padding_tablet=\u00bb0px|10vw|0px|35vw|false|false\u00bb custom_padding_phone=\u00bb|5vw||5vw|false|false\u00bb global_colors_info=\u00bb{}\u00bb theme_builder_area=\u00bbpost_content\u00bb][et_pb_column type=\u00bb4_4&#8243; _builder_version=\u00bb4.18.0&#8243; _module_preset=\u00bbdefault\u00bb global_colors_info=\u00bb{}\u00bb theme_builder_area=\u00bbpost_content\u00bb][et_pb_text _builder_version=\u00bb4.27.4&#8243; _module_preset=\u00bbdefault\u00bb text_text_color=\u00bb#FFFFFF\u00bb header_3_font=\u00bbLexend Deca|700||on|||||\u00bb header_3_text_align=\u00bbleft\u00bb header_3_text_color=\u00bb#FFFFFF\u00bb header_3_font_size=\u00bb15px\u00bb header_3_letter_spacing=\u00bb6px\u00bb max_width=\u00bb720px\u00bb custom_margin=\u00bb0px||10px||false|false\u00bb custom_padding=\u00bb0px||0px||false|false\u00bb animation_style=\u00bbslide\u00bb animation_direction=\u00bbleft\u00bb animation_duration=\u00bb900ms\u00bb animation_delay=\u00bb400ms\u00bb animation_intensity_slide=\u00bb12%\u00bb animation_speed_curve=\u00bbease\u00bb header_3_font_size_tablet=\u00bb15px\u00bb header_3_font_size_phone=\u00bb13px\u00bb header_3_font_size_last_edited=\u00bbon|phone\u00bb custom_css_main_element=\u00bbdisplay:inline-block;\u00bb border_width_bottom=\u00bb1px\u00bb border_color_bottom=\u00bb#FFFFFF\u00bb global_colors_info=\u00bb{}\u00bb theme_builder_area=\u00bbpost_content\u00bb]<\/p>\n<h3>B&#038;C Consultores <\/h3>\n<p>[\/et_pb_text][et_pb_text _builder_version=\u00bb4.27.4&#8243; _module_preset=\u00bbdefault\u00bb header_font=\u00bbLexend Deca|700|||||||\u00bb header_text_align=\u00bbleft\u00bb header_text_color=\u00bb#FFFFFF\u00bb header_font_size=\u00bb50px\u00bb header_line_height=\u00bb1.2em\u00bb max_width=\u00bb720px\u00bb custom_margin=\u00bb0px||10px||false|false\u00bb custom_padding=\u00bb0px||0px||false|false\u00bb animation_style=\u00bbslide\u00bb animation_direction=\u00bbright\u00bb animation_duration=\u00bb900ms\u00bb animation_delay=\u00bb800ms\u00bb animation_intensity_slide=\u00bb10%\u00bb animation_speed_curve=\u00bbease\u00bb hover_enabled=\u00bb0&#8243; header_font_size_tablet=\u00bb39px\u00bb header_font_size_phone=\u00bb34px\u00bb header_font_size_last_edited=\u00bbon|tablet\u00bb global_colors_info=\u00bb{}\u00bb theme_builder_area=\u00bbpost_content\u00bb sticky_enabled=\u00bb0&#8243;]<\/p>\n<h1>POL\u00cdTICA DE PRIVACIDAD REDES SOCIALES<br \/>\n<\/h1>\n<p>[\/et_pb_text][\/et_pb_column][\/et_pb_row][\/et_pb_section][et_pb_section fb_built=\u00bb1&#8243; _builder_version=\u00bb4.27.4&#8243; _module_preset=\u00bbdefault\u00bb global_colors_info=\u00bb{}\u00bb theme_builder_area=\u00bbpost_content\u00bb][et_pb_row use_custom_gutter=\u00bbon\u00bb gutter_width=\u00bb2&#8243; _builder_version=\u00bb4.27.4&#8243; _module_preset=\u00bbdefault\u00bb width=\u00bb90%\u00bb max_width=\u00bb1170px\u00bb custom_margin=\u00bb||0px||false|false\u00bb custom_padding=\u00bb||0px||false|false\u00bb global_colors_info=\u00bb{}\u00bb theme_builder_area=\u00bbpost_content\u00bb][et_pb_column type=\u00bb4_4&#8243; _builder_version=\u00bb4.27.4&#8243; _module_preset=\u00bbdefault\u00bb background_enable_color=\u00bboff\u00bb global_colors_info=\u00bb{}\u00bb theme_builder_area=\u00bbpost_content\u00bb][et_pb_text _builder_version=\u00bb4.27.4&#8243; _module_preset=\u00bbdefault\u00bb text_text_color=\u00bb#024596&#8243; text_font_size=\u00bb16px\u00bb text_orientation=\u00bbjustified\u00bb global_colors_info=\u00bb{}\u00bb theme_builder_area=\u00bbpost_content\u00bb]<\/p>\n<ol>\n<li><b> INFORMACI\u00d3N AL USUARIO\u00a0<\/b><\/li>\n<\/ol>\n<p><b>\u00bfQui\u00e9n es el responsable del tratamiento de tus datos personales?\u00a0<\/b><\/p>\n<p><span style=\"font-weight: 400;\">BARCA CONSULTOR\u00cdA LABORAL, S .L.L, en adelante, <\/span><b>RESPONSABLE<\/b><span style=\"font-weight: 400;\">, informa al <\/span><b>USUARIO <\/b><span style=\"font-weight: 400;\">de que ha procedido a crear un perfil en las Redes Sociales Facebook, Instagram, Twitter, LinkedIn, Youtube, Vimeo y Google+, que es el responsable del tratamiento de los datos personales del usuario que se lleve a cabo en dichas redes sociales y le informa de que estos datos ser\u00e1n tratados de conformidad con lo dispuesto en el Reglamento (UE) 2016\/679, de 27 de abril (GDPR), y la Ley Org\u00e1nica 3\/2018, de 5 de diciembre (LOPDGDD), por lo que se le facilita la siguiente informaci\u00f3n del tratamiento:\u00a0<\/span><\/p>\n<p><b>\u00bfPara qu\u00e9 tratamos tus datos personales?\u00a0<\/b><\/p>\n<p><b>Fin del tratamiento<\/b><span style=\"font-weight: 400;\">: mantener una relaci\u00f3n entre el USUARIO y el RESPONSABLE que puede incluir las siguientes operaciones:\u00a0<\/span><\/p>\n<p><span style=\"font-weight: 400;\">Tramitar solicitudes y consultas planteadas al responsable\u00a0<\/span><\/p>\n<p><span style=\"font-weight: 400;\">Informar sobre actividades y eventos organizados por el responsable\u00a0<\/span><\/p>\n<p><span style=\"font-weight: 400;\">Informar sobre productos o servicios ofrecidos por el responsable\u00a0<\/span><\/p>\n<p><span style=\"font-weight: 400;\">Interactuar a trav\u00e9s de los perfiles oficiales\u00a0<\/span><\/p>\n<p><b>\u00bfPor qu\u00e9 motivo podemos tratar tus datos personales?\u00a0<\/b><\/p>\n<p><b>Base jur\u00eddica del tratamiento<\/b><span style=\"font-weight: 400;\">: art\u00edculo 6.1.a GDPR, el interesado ha dado su consentimiento para el tratamiento de sus datos personales para uno o varios fines espec\u00edficos. El USUARIO dispone de un perfil en la misma red social y ha decidido unirse a la red social del RESPONSABLE mostrando as\u00ed inter\u00e9s en la informaci\u00f3n que se publique en la misma, por tanto, en el momento de solicitar seguir nuestros perfiles oficiales, nos facilita su consentimiento para el tratamiento de aquellos datos personales publicados en su perfil.\u00a0<\/span><\/p>\n<p><span style=\"font-weight: 400;\">El USUARIO puede acceder en todo momento a las pol\u00edticas de privacidad de la propia red social, as\u00ed como configurar su perfil para garantizar su privacidad.\u00a0<\/span><\/p>\n<p><span style=\"font-weight: 400;\">El RESPONSABLE tiene acceso y trata aquella informaci\u00f3n p\u00fablica del USUARIO, en especial, su nombre de contacto. Estos datos solo son utilizados dentro de la propia red social y \u00fanicamente se incorporar\u00e1n a un fichero del RESPONSABLE cuando sea necesario para tramitar la petici\u00f3n del USUARIO.\u00a0<\/span><\/p>\n<p><b>\u00bfDurante cu\u00e1nto tiempo guardaremos tus datos personales?\u00a0<\/b><\/p>\n<p><b>Criterios de conservaci\u00f3n de los datos<\/b><span style=\"font-weight: 400;\">: se conservar\u00e1n mientras el USUARIO no revoque el consentimiento prestado tal y como se indica en esta pol\u00edtica de privacidad.\u00a0<\/span><\/p>\n<p><b>\u00bfA qui\u00e9n facilitamos tus datos personales?\u00a0<\/b><\/p>\n<p><b>Comunicaci\u00f3n de los datos<\/b><span style=\"font-weight: 400;\">: la informaci\u00f3n facilitada por el USUARIO a trav\u00e9s de las redes sociales del RESPONSABLE, incluidos sus datos personales, puede ser publicada, siempre en funci\u00f3n de los servicios que el USUARIO utilice, por lo que podr\u00e1 quedar a disposici\u00f3n p\u00fablica de otros terceros usuarios de las redes sociales. Desde el perfil de cada red social, el USUARIO puede configurar qu\u00e9 informaci\u00f3n quiere hacer p\u00fablica en cada caso, ver los permisos que se han concedido, eliminarlos o desactivarlos, como cualquier aplicaci\u00f3n de un tercero que ya no se desea utilizar.\u00a0<\/span><\/p>\n<p><span style=\"font-weight: 400;\">No est\u00e1 prevista ninguna comunicaci\u00f3n de datos personales a terceros fuera de la red social salvo, si fuese imprescindible para el desarrollo y ejecuci\u00f3n de las finalidades del tratamiento, a nuestros proveedores de servicios relacionados con comunicaciones, con los cuales el RESPONSABLE tiene suscritos los contratos de confidencialidad y de encargado de tratamiento exigidos por la normativa vigente de privacidad.<\/span><\/p>\n<p><b>\u00bfCu\u00e1les son tus derechos?\u00a0<\/b><\/p>\n<p><b>Derechos que asisten al USUARIO<\/b><span style=\"font-weight: 400;\">: solo podr\u00e1n satisfacerse en relaci\u00f3n a aquella informaci\u00f3n que se encuentre bajo el control del RESPONSABLE.\u00a0<\/span><\/p>\n<p><span style=\"font-weight: 400;\">Derecho a retirar el consentimiento en cualquier momento\u00a0<\/span><\/p>\n<p><span style=\"font-weight: 400;\">Derecho de acceso, rectificaci\u00f3n, portabilidad y supresi\u00f3n de sus datos, y de limitaci\u00f3n u oposici\u00f3n a su tratamiento Derecho a presentar una reclamaci\u00f3n ante la autoridad de control (www.aepd.es) si considera que el tratamiento no se ajusta a la normativa vigente\u00a0<\/span><\/p>\n<p><b>Datos de contacto para ejercer sus derechos<\/b><span style=\"font-weight: 400;\">:\u00a0<\/span><\/p>\n<p><span style=\"font-weight: 400;\">BARCA CONSULTOR\u00cdA LABORAL, S .L.L. C\/ Almer\u00eda, 71 &#8211; 04700 El Ejido (Almer\u00eda). E-mail:\u00a0<\/span><\/p>\n<p><span style=\"font-weight: 400;\">contabilidad@bycconsultores.es.\u00a0<\/span><\/p>\n<ol start=\"2\">\n<li><b> UTILIZACI\u00d3N DEL PERFIL\u00a0<\/b><\/li>\n<\/ol>\n<p><span style=\"font-weight: 400;\">El RESPONSABLE realizar\u00e1 las siguientes actuaciones:\u00a0<\/span><\/p>\n<p><span style=\"font-weight: 400;\">Acceso a la informaci\u00f3n p\u00fablica del perfil\u00a0<\/span><\/p>\n<p><span style=\"font-weight: 400;\">Publicaci\u00f3n en el perfil del USUARIO de toda aquella informaci\u00f3n ya publicada en la red social del RESPONSABLE Enviar mensajes personales e individuales a trav\u00e9s de los canales de la red social\u00a0<\/span><\/p>\n<p><span style=\"font-weight: 400;\">Actualizaciones del estado de la p\u00e1gina que se publicar\u00e1n en el perfil del USUARIO\u00a0<\/span><\/p>\n<p><span style=\"font-weight: 400;\">El USUARIO siempre puede controlar sus conexiones, eliminar los contenidos que dejen de interesarle y restringir con qui\u00e9n comparte sus conexiones; para ello deber\u00e1 acceder a su configuraci\u00f3n de privacidad.\u00a0<\/span><\/p>\n<ol start=\"3\">\n<li><b> PUBLICACIONES\u00a0<\/b><\/li>\n<\/ol>\n<p><span style=\"font-weight: 400;\">El USUARIO, una vez sea seguidor o se haya unido a la red social del RESPONSABLE, podr\u00e1 publicar en esta comentarios, enlaces, im\u00e1genes, fotograf\u00edas o cualquier otro tipo de contenido multimedia soportado por la misma. El USUARIO, en todos los casos, debe ser el titular del contenido publicado, gozar de los derechos de autor y de propiedad intelectual o contar con el consentimiento de los terceros afectados.\u00a0<\/span><\/p>\n<p><span style=\"font-weight: 400;\">Se proh\u00edbe expresamente cualquier publicaci\u00f3n en la red social, ya sean textos, gr\u00e1ficos, fotograf\u00edas, v\u00eddeos, etc. que atenten o sean susceptibles de atentar contra la moral, la \u00e9tica, el buen gusto o el decoro, y\/o que infrinjan, violen o quebranten los derechos de propiedad intelectual o industrial, el derecho a la imagen o la Ley.\u00a0<\/span><\/p>\n<p><span style=\"font-weight: 400;\">En estos casos, el RESPONSABLE se reserva el derecho a retirar de inmediato el contenido, sin comunicaci\u00f3n previa, pudiendo solicitar el bloqueo permanente del USUARIO.\u00a0<\/span><\/p>\n<p><span style=\"font-weight: 400;\">El RESPONSABLE no se har\u00e1 responsable de los contenidos que libremente ha publicado un USUARIO.\u00a0<\/span><\/p>\n<p><span style=\"font-weight: 400;\">El USUARIO debe tener presente que sus publicaciones ser\u00e1n conocidas por otros usuarios, por lo que \u00e9l mismo es el principal responsable de su privacidad.\u00a0<\/span><\/p>\n<p><span style=\"font-weight: 400;\">Las im\u00e1genes que puedan publicarse en la red social no ser\u00e1n almacenadas en ning\u00fan fichero por parte del RESPONSABLE, pero s\u00ed que permanecer\u00e1n en la red social.\u00a0<\/span><\/p>\n<ol start=\"4\">\n<li><b> DATOS DE MENORES DE EDAD O PERSONAS CON CAPACIDADES ESPECIALES\u00a0<\/b><\/li>\n<\/ol>\n<p><span style=\"font-weight: 400;\">El acceso y registro a trav\u00e9s de las redes sociales del RESPONSABLE est\u00e1 prohibido a menores de 14 a\u00f1os. Por su parte, si elUSUARIO tiene capacidades especiales, ser\u00e1 necesaria la intervenci\u00f3n del titular de su patria potestad o tutela, o de su representante legal mediante documento v\u00e1lido que acredite la representaci\u00f3n.\u00a0<\/span><\/p>\n<p><span style=\"font-weight: 400;\">El RESPONSABLE quedar\u00e1 expresamente exonerado de cualquier responsabilidad que pudiera derivarse del uso de las redes sociales por parte de menores o personas con capacidades especiales. Las redes sociales del RESPONSABLE no recogen conscientemente ninguna informaci\u00f3n personal de menores de edad, por ello, si el USUARIO es menor de edad, no debe registrarse, ni utilizar las redes sociales del RESPONSABLE ni tampoco proporcionar ninguna informaci\u00f3n personal.<\/span><\/p>\n<p>[\/et_pb_text][\/et_pb_column][\/et_pb_row][\/et_pb_section]<\/p>","protected":false},"excerpt":{"rendered":"<p>B&#038;C Consultores POL\u00cdTICA DE PRIVACIDAD REDES SOCIALES INFORMACI\u00d3N AL USUARIO\u00a0 \u00bfQui\u00e9n es el responsable del tratamiento de tus datos personales?\u00a0 BARCA CONSULTOR\u00cdA LABORAL, S .L.L, en adelante, RESPONSABLE, informa al USUARIO de que ha procedido a crear un perfil en las Redes Sociales Facebook, Instagram, Twitter, LinkedIn, Youtube, Vimeo y Google+, que es el responsable [&hellip;]<\/p>","protected":false},"author":3,"featured_media":0,"parent":0,"menu_order":0,"comment_status":"closed","ping_status":"closed","template":"","meta":{"_et_pb_use_builder":"on","_et_pb_old_content":"","_et_gb_content_width":"","footnotes":""},"dipi_cpt_category":[],"class_list":["post-440","page","type-page","status-publish","hentry"],"yoast_head":"<!-- This site is optimized with the Yoast SEO plugin v25.4 - https:\/\/yoast.com\/wordpress\/plugins\/seo\/ -->\n<title>POL\u00cdTICA DE PRIVACIDAD REDES SOCIALES\u00a0 - B&amp;C Consultores<\/title>\n<meta name=\"robots\" content=\"index, follow, max-snippet:-1, max-image-preview:large, max-video-preview:-1\" \/>\n<link rel=\"canonical\" href=\"https:\/\/bycconsultores.es\/en\/politica-de-privacidad-redes-sociales\/\" \/>\n<meta property=\"og:locale\" content=\"en_GB\" \/>\n<meta property=\"og:type\" content=\"article\" \/>\n<meta property=\"og:title\" content=\"POL\u00cdTICA DE PRIVACIDAD REDES SOCIALES\u00a0 - B&amp;C Consultores\" \/>\n<meta property=\"og:description\" content=\"B&amp;C Consultores POL\u00cdTICA DE PRIVACIDAD REDES SOCIALES INFORMACI\u00d3N AL USUARIO\u00a0 \u00bfQui\u00e9n es el responsable del tratamiento de tus datos personales?\u00a0 BARCA CONSULTOR\u00cdA LABORAL, S .L.L, en adelante, RESPONSABLE, informa al USUARIO de que ha procedido a crear un perfil en las Redes Sociales Facebook, Instagram, Twitter, LinkedIn, Youtube, Vimeo y Google+, que es el responsable [&hellip;]\" \/>\n<meta property=\"og:url\" content=\"https:\/\/bycconsultores.es\/en\/politica-de-privacidad-redes-sociales\/\" \/>\n<meta property=\"og:site_name\" content=\"B&amp;C Consultores\" \/>\n<meta property=\"article:modified_time\" content=\"2025-07-15T13:06:32+00:00\" \/>\n<meta name=\"twitter:card\" content=\"summary_large_image\" \/>\n<script type=\"application\/ld+json\" class=\"yoast-schema-graph\">{\"@context\":\"https:\/\/schema.org\",\"@graph\":[{\"@type\":\"WebPage\",\"@id\":\"https:\/\/bycconsultores.es\/politica-de-privacidad-redes-sociales\/\",\"url\":\"https:\/\/bycconsultores.es\/politica-de-privacidad-redes-sociales\/\",\"name\":\"POL\u00cdTICA DE PRIVACIDAD REDES SOCIALES\u00a0 - B&amp;C Consultores\",\"isPartOf\":{\"@id\":\"https:\/\/bycconsultores.es\/#website\"},\"datePublished\":\"2025-07-15T13:04:56+00:00\",\"dateModified\":\"2025-07-15T13:06:32+00:00\",\"breadcrumb\":{\"@id\":\"https:\/\/bycconsultores.es\/politica-de-privacidad-redes-sociales\/#breadcrumb\"},\"inLanguage\":\"en-GB\",\"potentialAction\":[{\"@type\":\"ReadAction\",\"target\":[\"https:\/\/bycconsultores.es\/politica-de-privacidad-redes-sociales\/\"]}]},{\"@type\":\"BreadcrumbList\",\"@id\":\"https:\/\/bycconsultores.es\/politica-de-privacidad-redes-sociales\/#breadcrumb\",\"itemListElement\":[{\"@type\":\"ListItem\",\"position\":1,\"name\":\"Portada\",\"item\":\"https:\/\/bycconsultores.es\/\"},{\"@type\":\"ListItem\",\"position\":2,\"name\":\"POL\u00cdTICA DE PRIVACIDAD REDES SOCIALES\u00a0\"}]},{\"@type\":\"WebSite\",\"@id\":\"https:\/\/bycconsultores.es\/#website\",\"url\":\"https:\/\/bycconsultores.es\/\",\"name\":\"B&C Consultores\",\"description\":\"Asesor&iacute;a para empresas en El Ejido\",\"publisher\":{\"@id\":\"https:\/\/bycconsultores.es\/#organization\"},\"potentialAction\":[{\"@type\":\"SearchAction\",\"target\":{\"@type\":\"EntryPoint\",\"urlTemplate\":\"https:\/\/bycconsultores.es\/?s={search_term_string}\"},\"query-input\":{\"@type\":\"PropertyValueSpecification\",\"valueRequired\":true,\"valueName\":\"search_term_string\"}}],\"inLanguage\":\"en-GB\"},{\"@type\":\"Organization\",\"@id\":\"https:\/\/bycconsultores.es\/#organization\",\"name\":\"B&C Consultores\",\"url\":\"https:\/\/bycconsultores.es\/\",\"logo\":{\"@type\":\"ImageObject\",\"inLanguage\":\"en-GB\",\"@id\":\"https:\/\/bycconsultores.es\/#\/schema\/logo\/image\/\",\"url\":\"http:\/\/bycconsultores.es\/wp-content\/uploads\/2025\/06\/cropped-LOGO-1.jpg\",\"contentUrl\":\"http:\/\/bycconsultores.es\/wp-content\/uploads\/2025\/06\/cropped-LOGO-1.jpg\",\"width\":512,\"height\":512,\"caption\":\"B&C Consultores\"},\"image\":{\"@id\":\"https:\/\/bycconsultores.es\/#\/schema\/logo\/image\/\"},\"sameAs\":[\"https:\/\/www.instagram.com\/asesoriabarca\/\"]}]}<\/script>\n<!-- \/ Yoast SEO plugin. -->","yoast_head_json":{"title":"POL\u00cdTICA DE PRIVACIDAD REDES SOCIALES\u00a0 - B&amp;C Consultores","robots":{"index":"index","follow":"follow","max-snippet":"max-snippet:-1","max-image-preview":"max-image-preview:large","max-video-preview":"max-video-preview:-1"},"canonical":"https:\/\/bycconsultores.es\/en\/politica-de-privacidad-redes-sociales\/","og_locale":"en_GB","og_type":"article","og_title":"POL\u00cdTICA DE PRIVACIDAD REDES SOCIALES\u00a0 - B&amp;C Consultores","og_description":"B&C Consultores POL\u00cdTICA DE PRIVACIDAD REDES SOCIALES INFORMACI\u00d3N AL USUARIO\u00a0 \u00bfQui\u00e9n es el responsable del tratamiento de tus datos personales?\u00a0 BARCA CONSULTOR\u00cdA LABORAL, S .L.L, en adelante, RESPONSABLE, informa al USUARIO de que ha procedido a crear un perfil en las Redes Sociales Facebook, Instagram, Twitter, LinkedIn, Youtube, Vimeo y Google+, que es el responsable [&hellip;]","og_url":"https:\/\/bycconsultores.es\/en\/politica-de-privacidad-redes-sociales\/","og_site_name":"B&amp;C Consultores","article_modified_time":"2025-07-15T13:06:32+00:00","twitter_card":"summary_large_image","schema":{"@context":"https:\/\/schema.org","@graph":[{"@type":"WebPage","@id":"https:\/\/bycconsultores.es\/politica-de-privacidad-redes-sociales\/","url":"https:\/\/bycconsultores.es\/politica-de-privacidad-redes-sociales\/","name":"POL\u00cdTICA DE PRIVACIDAD REDES SOCIALES\u00a0 - B&amp;C Consultores","isPartOf":{"@id":"https:\/\/bycconsultores.es\/#website"},"datePublished":"2025-07-15T13:04:56+00:00","dateModified":"2025-07-15T13:06:32+00:00","breadcrumb":{"@id":"https:\/\/bycconsultores.es\/politica-de-privacidad-redes-sociales\/#breadcrumb"},"inLanguage":"en-GB","potentialAction":[{"@type":"ReadAction","target":["https:\/\/bycconsultores.es\/politica-de-privacidad-redes-sociales\/"]}]},{"@type":"BreadcrumbList","@id":"https:\/\/bycconsultores.es\/politica-de-privacidad-redes-sociales\/#breadcrumb","itemListElement":[{"@type":"ListItem","position":1,"name":"Portada","item":"https:\/\/bycconsultores.es\/"},{"@type":"ListItem","position":2,"name":"POL\u00cdTICA DE PRIVACIDAD REDES SOCIALES\u00a0"}]},{"@type":"WebSite","@id":"https:\/\/bycconsultores.es\/#website","url":"https:\/\/bycconsultores.es\/","name":"B&C Consultores","description":"Asesor&iacute;a para empresas en El Ejido","publisher":{"@id":"https:\/\/bycconsultores.es\/#organization"},"potentialAction":[{"@type":"SearchAction","target":{"@type":"EntryPoint","urlTemplate":"https:\/\/bycconsultores.es\/?s={search_term_string}"},"query-input":{"@type":"PropertyValueSpecification","valueRequired":true,"valueName":"search_term_string"}}],"inLanguage":"en-GB"},{"@type":"Organization","@id":"https:\/\/bycconsultores.es\/#organization","name":"B&C Consultores","url":"https:\/\/bycconsultores.es\/","logo":{"@type":"ImageObject","inLanguage":"en-GB","@id":"https:\/\/bycconsultores.es\/#\/schema\/logo\/image\/","url":"http:\/\/bycconsultores.es\/wp-content\/uploads\/2025\/06\/cropped-LOGO-1.jpg","contentUrl":"http:\/\/bycconsultores.es\/wp-content\/uploads\/2025\/06\/cropped-LOGO-1.jpg","width":512,"height":512,"caption":"B&C Consultores"},"image":{"@id":"https:\/\/bycconsultores.es\/#\/schema\/logo\/image\/"},"sameAs":["https:\/\/www.instagram.com\/asesoriabarca\/"]}]}},"_links":{"self":[{"href":"https:\/\/bycconsultores.es\/en\/wp-json\/wp\/v2\/pages\/440","targetHints":{"allow":["GET"]}}],"collection":[{"href":"https:\/\/bycconsultores.es\/en\/wp-json\/wp\/v2\/pages"}],"about":[{"href":"https:\/\/bycconsultores.es\/en\/wp-json\/wp\/v2\/types\/page"}],"author":[{"embeddable":true,"href":"https:\/\/bycconsultores.es\/en\/wp-json\/wp\/v2\/users\/3"}],"replies":[{"embeddable":true,"href":"https:\/\/bycconsultores.es\/en\/wp-json\/wp\/v2\/comments?post=440"}],"version-history":[{"count":4,"href":"https:\/\/bycconsultores.es\/en\/wp-json\/wp\/v2\/pages\/440\/revisions"}],"predecessor-version":[{"id":444,"href":"https:\/\/bycconsultores.es\/en\/wp-json\/wp\/v2\/pages\/440\/revisions\/444"}],"wp:attachment":[{"href":"https:\/\/bycconsultores.es\/en\/wp-json\/wp\/v2\/media?parent=440"}],"wp:term":[{"taxonomy":"dipi_cpt_category","embeddable":true,"href":"https:\/\/bycconsultores.es\/en\/wp-json\/wp\/v2\/dipi_cpt_category?post=440"}],"curies":[{"name":"wp","href":"https:\/\/api.w.org\/{rel}","templated":true}]}}